{"id":890,"date":"2021-09-27T11:56:14","date_gmt":"2021-09-27T11:56:14","guid":{"rendered":"https:\/\/autocarescasaleventos.com\/?page_id=890"},"modified":"2021-09-27T11:56:45","modified_gmt":"2021-09-27T11:56:45","slug":"politica-de-datos-presupuesto","status":"publish","type":"page","link":"https:\/\/autocarescasaleventos.com\/en\/politica-de-datos-presupuesto\/","title":{"rendered":"Pol\u00edtica de datos Presupuesto"},"content":{"rendered":"<div data-elementor-type=\"wp-page\" data-elementor-id=\"890\" class=\"elementor elementor-890\" data-elementor-post-type=\"page\">\n\t\t\t\t\t\t<section class=\"elementor-section elementor-top-section elementor-element elementor-element-239ea23 elementor-section-boxed elementor-section-height-default elementor-section-height-default\" data-id=\"239ea23\" data-element_type=\"section\">\n\t\t\t\t\t\t<div class=\"elementor-container elementor-column-gap-default\">\n\t\t\t\t\t<div class=\"elementor-column elementor-col-100 elementor-top-column elementor-element elementor-element-e5bfa3e\" data-id=\"e5bfa3e\" data-element_type=\"column\">\n\t\t\t<div class=\"elementor-widget-wrap elementor-element-populated\">\n\t\t\t\t\t\t<div class=\"elementor-element elementor-element-40441b0 elementor-widget elementor-widget-text-editor\" data-id=\"40441b0\" data-element_type=\"widget\" data-widget_type=\"text-editor.default\">\n\t\t\t\t<div class=\"elementor-widget-container\">\n\t\t\t\t\t\t\t\t\t<p>En cumplimiento de la vigente normativa protectora de datos personales, y atendiendo de forma particular a lo dispuesto en los art\u00edculos 12 a 14 del RGPD, se le informa que el responsable del tratamiento es EMPRESA CASAL, S.L. (en adelante \u201cEMPRESA CASAL\u201d), con NIF B21002365, y con domicilio social en c\/ Antonio de la Pe\u00f1a y L\u00f3pez, 7, 41007 Sevilla.<\/p><p><em>Asimismo, se le informa que EMPRESA CASAL\u00a0 ha designado como Delegado\/a de Protecci\u00f3n de Datos (DPD) a D.\/D\u00f1a Alberto Rodr\u00edguez Arroyo, con quien, si as\u00ed lo desean, podr\u00e1n contactar en lo relativo a todas las cuestiones referentes al tratamiento de sus datos personales y al ejercicio de sus derechos, seg\u00fan lo dispuesto en el RGPD a trav\u00e9s de los siguientes datos de contacto: C\/ Antonio de la Pe\u00f1a y L\u00f3pez, 7, 41007, Sevilla, correo electr\u00f3nico: <\/em><a href=\"mailto:rrhh@autocarescasal.com\"><em>rrhh@autocarescasal.com<\/em><\/a><em>, tel\u00e9fono: 954999290<\/em><\/p><p>Sus datos personales ser\u00e1n tratados por EMPRESA CASAL en el marco y con la finalidad de tramitar los correspondientes procesos de selecci\u00f3n de personal a los que usted se ha presentado de forma voluntaria y libre, incluyendo la realizaci\u00f3n de cualquier tipo de prueba y\/o entrevista dispuesta a tales fines.<\/p><p>La base leg\u00edtima del tratamiento es, con car\u00e1cter principal, el consentimiento del interesado y, en su caso, la ejecuci\u00f3n de posibles medidas precontractuales en el \u00e1mbito laboral por parte de EMPRESA CASAL. En todo caso, la falta de aportaci\u00f3n de los datos personales requeridos podr\u00e1 dar lugar a la imposibilidad de tramitar su solicitud o petici\u00f3n espec\u00edfica de participaci\u00f3n y\/o concurrencia en tales procesos selectivos y, por ende, la posibilidad de desechar y\/o excluir por EMPRESA CASAL su petici\u00f3n o solicitud de participaci\u00f3n en los mismos.<\/p><p>En atenci\u00f3n a los fines descritos, sus datos personales podr\u00e1n ser comunicados a las autoridades competentes en cada caso, incluyendo las de tipo laboral o judicial, en funci\u00f3n de la normativa aplicable, seg\u00fan los casos. Del mismo modo, perteneciendo EMPRESA CASAL a un grupo de empresas, se le informa que sus datos personales podr\u00e1n ser comunicados a otras empresas del mismo Grupo a meros efectos internos y administrativos en base al inter\u00e9s leg\u00edtimo de EMPRESA CASAL siendo ello admitido por el Considerando 48 del RGPD. Los datos aqu\u00ed aportados, podr\u00e1n ser cedidos a otras entidades del Grupo empresarial en el que se integra EMPRESA CASAL con fines administrativos y de gesti\u00f3n de clientes. Con car\u00e1cter general, no est\u00e1n previstas transferencias internacionales de sus datos personales. En cualquier caso, se adoptan las medidas necesarias en este \u00e1mbito de conformidad con el RGPD.<\/p><p>Asimismo, dado que el presente proceso de selecci\u00f3n puede estar gestionado, en todo o en parte, por empresas o entidades especializadas, contratadas como encargados del tratamiento por EMPRESA CASAL para el examen y selecci\u00f3n espec\u00edfica de los perfiles laborales m\u00e1s adecuados en este \u00e1mbito, se le informa que tales empresas o entidades especializadas pueden resultar destinatarias de sus datos personales actuando las mismas en el marco del correspondiente Encargo del Tratamiento con todas las garant\u00edas jur\u00eddicas pertinentes en cada caso. Fuera de estos supuestos, sus datos personales no ser\u00e1n cedidos a ning\u00fan otro tercero, salvo obligaci\u00f3n legal existente a estos efectos.<\/p><p>Se le comunica que sus datos personales podr\u00e1n ser conservados durante los plazos definidos en los art\u00edculos 4 y 21.1 del Real Decreto Legislativo 5\/2000, de 4 de agosto, por el que se aprueba el texto refundido de la Ley sobre Infracciones y Sanciones en el Orden Social, de acuerdo con el cual, la conservaci\u00f3n de sus datos podr\u00eda llegar a ser de hasta 5 a\u00f1os, atendiendo de forma espec\u00edfica al tipo de tratamiento que sobre los mismos se realice.<\/p><p>Por \u00faltimo, se pone en su conocimiento que podr\u00e1 ejercitar sus derechos de acceso, rectificaci\u00f3n, supresi\u00f3n, limitaci\u00f3n del tratamiento, portabilidad de datos y oposici\u00f3n, dirigiendo una comunicaci\u00f3n por escrito a trav\u00e9s del correo electr\u00f3nico rrhh@autocarescasal.com con la Ref. \u201cEjercicio Derechos\u201d acompa\u00f1ando a su solicitud copia de su documento nacional de identidad o documento identificativo equivalente (pasaporte, N.I.E\u2026.). En caso de no considerar atendidos de forma debida sus derechos personales, podr\u00e1 presentar una reclamaci\u00f3n ante la autoridad de control competente que, en este caso, es la Agencia Espa\u00f1ola de Protecci\u00f3n de Datos, si bien le recomendamos contactar antes a fin de resolver la posible situaci\u00f3n o conflicto, si as\u00ed lo estima, con el DPD.<\/p>\t\t\t\t\t\t\t\t<\/div>\n\t\t\t\t<\/div>\n\t\t\t\t\t<\/div>\n\t\t<\/div>\n\t\t\t\t\t<\/div>\n\t\t<\/section>\n\t\t\t\t<\/div>","protected":false},"excerpt":{"rendered":"<p>En cumplimiento de la vigente normativa protectora de datos personales, y atendiendo de forma particular a lo dispuesto en los art\u00edculos 12 a 14 del RGPD, se le informa que el responsable del tratamiento es EMPRESA CASAL, S.L. (en adelante \u201cEMPRESA CASAL\u201d), con NIF B21002365, y con domicilio social en c\/ Antonio de la Pe\u00f1a &#8230; <a title=\"Pol\u00edtica de datos Presupuesto\" class=\"read-more\" href=\"https:\/\/autocarescasaleventos.com\/en\/politica-de-datos-presupuesto\/\" aria-label=\"Read more about Pol\u00edtica de datos Presupuesto\">Read more<\/a><\/p>","protected":false},"author":1,"featured_media":0,"parent":0,"menu_order":0,"comment_status":"closed","ping_status":"closed","template":"","meta":{"inline_featured_image":false,"footnotes":""},"class_list":["post-890","page","type-page","status-publish"],"yoast_head":"<!-- This site is optimized with the Yoast SEO plugin v25.9 - https:\/\/yoast.com\/wordpress\/plugins\/seo\/ -->\n<title>Pol\u00edtica de datos Presupuesto - Autocares Casal Meetings &amp; Events<\/title>\n<meta name=\"robots\" content=\"noindex, follow\" \/>\n<meta property=\"og:locale\" content=\"en_GB\" \/>\n<meta property=\"og:type\" content=\"article\" \/>\n<meta property=\"og:title\" content=\"Pol\u00edtica de datos Presupuesto - Autocares Casal Meetings &amp; Events\" \/>\n<meta property=\"og:description\" content=\"En cumplimiento de la vigente normativa protectora de datos personales, y atendiendo de forma particular a lo dispuesto en los art\u00edculos 12 a 14 del RGPD, se le informa que el responsable del tratamiento es EMPRESA CASAL, S.L. (en adelante \u201cEMPRESA CASAL\u201d), con NIF B21002365, y con domicilio social en c\/ Antonio de la Pe\u00f1a ... Read more\" \/>\n<meta property=\"og:url\" content=\"https:\/\/autocarescasaleventos.com\/en\/politica-de-datos-presupuesto\/\" \/>\n<meta property=\"og:site_name\" content=\"Autocares Casal Meetings &amp; Events\" \/>\n<meta property=\"article:modified_time\" content=\"2021-09-27T11:56:45+00:00\" \/>\n<meta name=\"twitter:card\" content=\"summary_large_image\" \/>\n<meta name=\"twitter:label1\" content=\"Estimated reading time\" \/>\n\t<meta name=\"twitter:data1\" content=\"4 minutes\" \/>\n<script type=\"application\/ld+json\" class=\"yoast-schema-graph\">{\"@context\":\"https:\/\/schema.org\",\"@graph\":[{\"@type\":\"WebPage\",\"@id\":\"https:\/\/autocarescasaleventos.com\/politica-de-datos-presupuesto\/\",\"url\":\"https:\/\/autocarescasaleventos.com\/politica-de-datos-presupuesto\/\",\"name\":\"Pol\u00edtica de datos Presupuesto - Autocares Casal Meetings &amp; Events\",\"isPartOf\":{\"@id\":\"https:\/\/autocarescasaleventos.com\/#website\"},\"datePublished\":\"2021-09-27T11:56:14+00:00\",\"dateModified\":\"2021-09-27T11:56:45+00:00\",\"breadcrumb\":{\"@id\":\"https:\/\/autocarescasaleventos.com\/politica-de-datos-presupuesto\/#breadcrumb\"},\"inLanguage\":\"en-GB\",\"potentialAction\":[{\"@type\":\"ReadAction\",\"target\":[\"https:\/\/autocarescasaleventos.com\/politica-de-datos-presupuesto\/\"]}]},{\"@type\":\"BreadcrumbList\",\"@id\":\"https:\/\/autocarescasaleventos.com\/politica-de-datos-presupuesto\/#breadcrumb\",\"itemListElement\":[{\"@type\":\"ListItem\",\"position\":1,\"name\":\"Portada\",\"item\":\"https:\/\/autocarescasaleventos.com\/\"},{\"@type\":\"ListItem\",\"position\":2,\"name\":\"Pol\u00edtica de datos Presupuesto\"}]},{\"@type\":\"WebSite\",\"@id\":\"https:\/\/autocarescasaleventos.com\/#website\",\"url\":\"https:\/\/autocarescasaleventos.com\/\",\"name\":\"Autocares Casal Meetings & Events\",\"description\":\"\",\"publisher\":{\"@id\":\"https:\/\/autocarescasaleventos.com\/#organization\"},\"potentialAction\":[{\"@type\":\"SearchAction\",\"target\":{\"@type\":\"EntryPoint\",\"urlTemplate\":\"https:\/\/autocarescasaleventos.com\/?s={search_term_string}\"},\"query-input\":{\"@type\":\"PropertyValueSpecification\",\"valueRequired\":true,\"valueName\":\"search_term_string\"}}],\"inLanguage\":\"en-GB\"},{\"@type\":\"Organization\",\"@id\":\"https:\/\/autocarescasaleventos.com\/#organization\",\"name\":\"Casal Meetings & Events\",\"url\":\"https:\/\/autocarescasaleventos.com\/\",\"logo\":{\"@type\":\"ImageObject\",\"inLanguage\":\"en-GB\",\"@id\":\"https:\/\/autocarescasaleventos.com\/#\/schema\/logo\/image\/\",\"url\":\"https:\/\/autocarescasaleventos.com\/wp-content\/uploads\/2021\/05\/logotipo.svg\",\"contentUrl\":\"https:\/\/autocarescasaleventos.com\/wp-content\/uploads\/2021\/05\/logotipo.svg\",\"width\":1190,\"height\":504,\"caption\":\"Casal Meetings & Events\"},\"image\":{\"@id\":\"https:\/\/autocarescasaleventos.com\/#\/schema\/logo\/image\/\"},\"sameAs\":[\"http:\/\/es.linkedin.com\/company\/autocares-casal-servicio-discrecional\",\"https:\/\/www.instagram.com\/casalmeetingsevents\/\"]}]}<\/script>\n<!-- \/ Yoast SEO plugin. -->","yoast_head_json":{"title":"Pol\u00edtica de datos Presupuesto - Autocares Casal Meetings &amp; Events","robots":{"index":"noindex","follow":"follow"},"og_locale":"en_GB","og_type":"article","og_title":"Pol\u00edtica de datos Presupuesto - Autocares Casal Meetings &amp; Events","og_description":"En cumplimiento de la vigente normativa protectora de datos personales, y atendiendo de forma particular a lo dispuesto en los art\u00edculos 12 a 14 del RGPD, se le informa que el responsable del tratamiento es EMPRESA CASAL, S.L. (en adelante \u201cEMPRESA CASAL\u201d), con NIF B21002365, y con domicilio social en c\/ Antonio de la Pe\u00f1a ... Read more","og_url":"https:\/\/autocarescasaleventos.com\/en\/politica-de-datos-presupuesto\/","og_site_name":"Autocares Casal Meetings &amp; Events","article_modified_time":"2021-09-27T11:56:45+00:00","twitter_card":"summary_large_image","twitter_misc":{"Estimated reading time":"4 minutes"},"schema":{"@context":"https:\/\/schema.org","@graph":[{"@type":"WebPage","@id":"https:\/\/autocarescasaleventos.com\/politica-de-datos-presupuesto\/","url":"https:\/\/autocarescasaleventos.com\/politica-de-datos-presupuesto\/","name":"Pol\u00edtica de datos Presupuesto - Autocares Casal Meetings &amp; Events","isPartOf":{"@id":"https:\/\/autocarescasaleventos.com\/#website"},"datePublished":"2021-09-27T11:56:14+00:00","dateModified":"2021-09-27T11:56:45+00:00","breadcrumb":{"@id":"https:\/\/autocarescasaleventos.com\/politica-de-datos-presupuesto\/#breadcrumb"},"inLanguage":"en-GB","potentialAction":[{"@type":"ReadAction","target":["https:\/\/autocarescasaleventos.com\/politica-de-datos-presupuesto\/"]}]},{"@type":"BreadcrumbList","@id":"https:\/\/autocarescasaleventos.com\/politica-de-datos-presupuesto\/#breadcrumb","itemListElement":[{"@type":"ListItem","position":1,"name":"Portada","item":"https:\/\/autocarescasaleventos.com\/"},{"@type":"ListItem","position":2,"name":"Pol\u00edtica de datos Presupuesto"}]},{"@type":"WebSite","@id":"https:\/\/autocarescasaleventos.com\/#website","url":"https:\/\/autocarescasaleventos.com\/","name":"Autocares Casal Meetings & Events","description":"","publisher":{"@id":"https:\/\/autocarescasaleventos.com\/#organization"},"potentialAction":[{"@type":"SearchAction","target":{"@type":"EntryPoint","urlTemplate":"https:\/\/autocarescasaleventos.com\/?s={search_term_string}"},"query-input":{"@type":"PropertyValueSpecification","valueRequired":true,"valueName":"search_term_string"}}],"inLanguage":"en-GB"},{"@type":"Organization","@id":"https:\/\/autocarescasaleventos.com\/#organization","name":"Casal Meetings & Events","url":"https:\/\/autocarescasaleventos.com\/","logo":{"@type":"ImageObject","inLanguage":"en-GB","@id":"https:\/\/autocarescasaleventos.com\/#\/schema\/logo\/image\/","url":"https:\/\/autocarescasaleventos.com\/wp-content\/uploads\/2021\/05\/logotipo.svg","contentUrl":"https:\/\/autocarescasaleventos.com\/wp-content\/uploads\/2021\/05\/logotipo.svg","width":1190,"height":504,"caption":"Casal Meetings & Events"},"image":{"@id":"https:\/\/autocarescasaleventos.com\/#\/schema\/logo\/image\/"},"sameAs":["http:\/\/es.linkedin.com\/company\/autocares-casal-servicio-discrecional","https:\/\/www.instagram.com\/casalmeetingsevents\/"]}]}},"_links":{"self":[{"href":"https:\/\/autocarescasaleventos.com\/en\/wp-json\/wp\/v2\/pages\/890","targetHints":{"allow":["GET"]}}],"collection":[{"href":"https:\/\/autocarescasaleventos.com\/en\/wp-json\/wp\/v2\/pages"}],"about":[{"href":"https:\/\/autocarescasaleventos.com\/en\/wp-json\/wp\/v2\/types\/page"}],"author":[{"embeddable":true,"href":"https:\/\/autocarescasaleventos.com\/en\/wp-json\/wp\/v2\/users\/1"}],"replies":[{"embeddable":true,"href":"https:\/\/autocarescasaleventos.com\/en\/wp-json\/wp\/v2\/comments?post=890"}],"version-history":[{"count":0,"href":"https:\/\/autocarescasaleventos.com\/en\/wp-json\/wp\/v2\/pages\/890\/revisions"}],"wp:attachment":[{"href":"https:\/\/autocarescasaleventos.com\/en\/wp-json\/wp\/v2\/media?parent=890"}],"curies":[{"name":"wp","href":"https:\/\/api.w.org\/{rel}","templated":true}]}}