{"id":885,"date":"2021-09-27T11:54:59","date_gmt":"2021-09-27T11:54:59","guid":{"rendered":"https:\/\/autocarescasaleventos.com\/?page_id=885"},"modified":"2021-09-27T11:55:39","modified_gmt":"2021-09-27T11:55:39","slug":"politica-de-datos-contacto","status":"publish","type":"page","link":"https:\/\/autocarescasaleventos.com\/en\/politica-de-datos-contacto\/","title":{"rendered":"Pol\u00edtica de datos Contacto"},"content":{"rendered":"<div data-elementor-type=\"wp-page\" data-elementor-id=\"885\" class=\"elementor elementor-885\" data-elementor-post-type=\"page\">\n\t\t\t\t\t\t<section class=\"elementor-section elementor-top-section elementor-element elementor-element-239ea23 elementor-section-boxed elementor-section-height-default elementor-section-height-default\" data-id=\"239ea23\" data-element_type=\"section\">\n\t\t\t\t\t\t<div class=\"elementor-container elementor-column-gap-default\">\n\t\t\t\t\t<div class=\"elementor-column elementor-col-100 elementor-top-column elementor-element elementor-element-e5bfa3e\" data-id=\"e5bfa3e\" data-element_type=\"column\">\n\t\t\t<div class=\"elementor-widget-wrap elementor-element-populated\">\n\t\t\t\t\t\t<div class=\"elementor-element elementor-element-40441b0 elementor-widget elementor-widget-text-editor\" data-id=\"40441b0\" data-element_type=\"widget\" data-widget_type=\"text-editor.default\">\n\t\t\t\t<div class=\"elementor-widget-container\">\n\t\t\t\t\t\t\t\t\t<p>En cumplimiento de la vigente normativa protectora de datos personales, y atendiendo de forma particular a lo dispuesto en los art\u00edculos 12 a 14 del RGPD, se le informa que el responsable del tratamiento es EMPRESA CASAL, S.L., con NIF B21002365 , y con domicilio social en c\/ Antonio de la Pe\u00f1a y L\u00f3pez, 7, 41007 Sevilla y sitio web: http:\/\/www. autocarescasaleventos.com. Sus datos personales ser\u00e1n tratados con la finalidad de atender las peticiones o solicitudes espec\u00edficas que los usuarios pudieran realizar en este \u00e1mbito a trav\u00e9s de la Plataforma, por relaci\u00f3n a cualquier cuesti\u00f3n dispuesta a trav\u00e9s del presente formulario de contacto de la Plataforma. En cualquier caso, sus datos personales se conservar\u00e1n durante el plazo estrictamente necesario a fin de atender la solicitud remitida.<\/p><p>Asimismo, se le informa que EMPRESA CASAL\u00a0 ha designado como Delegado\/a de Protecci\u00f3n de Datos (DPD) a D.\/D\u00f1a Alberto Rodr\u00edguez Arroyo, con quien, si as\u00ed lo desean, podr\u00e1n contactar en lo relativo a todas las cuestiones referentes al tratamiento de sus datos personales y al ejercicio de sus derechos, seg\u00fan lo dispuesto en el RGPD a trav\u00e9s de los siguientes datos de contacto: C\/ Antonio de la Pe\u00f1a y L\u00f3pez, 7, 41007, Sevilla, correo electr\u00f3nico: rrhh@autocarescasal.com y tel\u00e9fono 954999290.<\/p><p>La base leg\u00edtima de tratamiento es el consentimiento del interesado que, en cualquier caso, tendr\u00e1 derecho a revocar en cualquier momento, aunque ello no afectar\u00e1 a la licitud del tratamiento previo a su retirada. En todo caso, la falta de aportaci\u00f3n de los datos personales requeridos en este formulario electr\u00f3nico podr\u00e1 dar lugar a la imposibilidad de tramitar por EMPRESA CASAL, S.L. la solicitud o petici\u00f3n espec\u00edfica de que se trate.<\/p><p>Los datos aqu\u00ed aportados, podr\u00e1n ser cedidos a otras entidades del grupo empresarial en el que se integra EMPRESA CASAL, S.L. con fines administrativos y de gesti\u00f3n de clientes. Con car\u00e1cter general, no est\u00e1n previstas transferencias internacionales de sus datos personales. En cualquier caso, se adoptan las medidas necesarias en este \u00e1mbito de conformidad con el RGPD.<\/p><p>Se le informa asimismo que, podr\u00e1 ejercitar sus derechos de acceso, rectificaci\u00f3n, supresi\u00f3n, limitaci\u00f3n del tratamiento, portabilidad de datos y de oposici\u00f3n, dirigiendo una comunicaci\u00f3n por escrito a trav\u00e9s del correo electr\u00f3nico rrhh@autocarescasal.com, con la Ref. \u201cEjercicio Derechos\u201d acompa\u00f1ando a su solicitud copia de su documento nacional de identidad o documento identificativo equivalente (pasaporte, N.I.E\u2026.). En caso de no considerar atendidos de forma debida sus derechos personales, podr\u00e1 presentar una reclamaci\u00f3n ante la autoridad de control competente, en este caso, la Agencia Espa\u00f1ola de Protecci\u00f3n de Datos, si bien le recomendamos contactar antes, a fin de resolver la posible situaci\u00f3n o conflicto, si as\u00ed lo estima, con el DPD. \u00a0<\/p><p>Puede consultar informaci\u00f3n adicional sobre el tratamiento de sus datos personales leyendo la pol\u00edtica de privacidad y cookies ubicada en la presente p\u00e1gina web.<\/p>\t\t\t\t\t\t\t\t<\/div>\n\t\t\t\t<\/div>\n\t\t\t\t\t<\/div>\n\t\t<\/div>\n\t\t\t\t\t<\/div>\n\t\t<\/section>\n\t\t\t\t<\/div>","protected":false},"excerpt":{"rendered":"<p>En cumplimiento de la vigente normativa protectora de datos personales, y atendiendo de forma particular a lo dispuesto en los art\u00edculos 12 a 14 del RGPD, se le informa que el responsable del tratamiento es EMPRESA CASAL, S.L., con NIF B21002365 , y con domicilio social en c\/ Antonio de la Pe\u00f1a y L\u00f3pez, 7, &#8230; <a title=\"Pol\u00edtica de datos Contacto\" class=\"read-more\" href=\"https:\/\/autocarescasaleventos.com\/en\/politica-de-datos-contacto\/\" aria-label=\"Read more about Pol\u00edtica de datos Contacto\">Read more<\/a><\/p>","protected":false},"author":1,"featured_media":0,"parent":0,"menu_order":0,"comment_status":"closed","ping_status":"closed","template":"","meta":{"inline_featured_image":false,"footnotes":""},"class_list":["post-885","page","type-page","status-publish"],"yoast_head":"<!-- This site is optimized with the Yoast SEO plugin v25.9 - https:\/\/yoast.com\/wordpress\/plugins\/seo\/ -->\n<title>Pol\u00edtica de datos Contacto - Autocares Casal Meetings &amp; Events<\/title>\n<meta name=\"robots\" content=\"noindex, follow\" \/>\n<meta property=\"og:locale\" content=\"en_GB\" \/>\n<meta property=\"og:type\" content=\"article\" \/>\n<meta property=\"og:title\" content=\"Pol\u00edtica de datos Contacto - Autocares Casal Meetings &amp; Events\" \/>\n<meta property=\"og:description\" content=\"En cumplimiento de la vigente normativa protectora de datos personales, y atendiendo de forma particular a lo dispuesto en los art\u00edculos 12 a 14 del RGPD, se le informa que el responsable del tratamiento es EMPRESA CASAL, S.L., con NIF B21002365 , y con domicilio social en c\/ Antonio de la Pe\u00f1a y L\u00f3pez, 7, ... Read more\" \/>\n<meta property=\"og:url\" content=\"https:\/\/autocarescasaleventos.com\/en\/politica-de-datos-contacto\/\" \/>\n<meta property=\"og:site_name\" content=\"Autocares Casal Meetings &amp; Events\" \/>\n<meta property=\"article:modified_time\" content=\"2021-09-27T11:55:39+00:00\" \/>\n<meta name=\"twitter:card\" content=\"summary_large_image\" \/>\n<meta name=\"twitter:label1\" content=\"Estimated reading time\" \/>\n\t<meta name=\"twitter:data1\" content=\"3 minutes\" \/>\n<script type=\"application\/ld+json\" class=\"yoast-schema-graph\">{\"@context\":\"https:\/\/schema.org\",\"@graph\":[{\"@type\":\"WebPage\",\"@id\":\"https:\/\/autocarescasaleventos.com\/politica-de-datos-contacto\/\",\"url\":\"https:\/\/autocarescasaleventos.com\/politica-de-datos-contacto\/\",\"name\":\"Pol\u00edtica de datos Contacto - Autocares Casal Meetings &amp; Events\",\"isPartOf\":{\"@id\":\"https:\/\/autocarescasaleventos.com\/#website\"},\"datePublished\":\"2021-09-27T11:54:59+00:00\",\"dateModified\":\"2021-09-27T11:55:39+00:00\",\"breadcrumb\":{\"@id\":\"https:\/\/autocarescasaleventos.com\/politica-de-datos-contacto\/#breadcrumb\"},\"inLanguage\":\"en-GB\",\"potentialAction\":[{\"@type\":\"ReadAction\",\"target\":[\"https:\/\/autocarescasaleventos.com\/politica-de-datos-contacto\/\"]}]},{\"@type\":\"BreadcrumbList\",\"@id\":\"https:\/\/autocarescasaleventos.com\/politica-de-datos-contacto\/#breadcrumb\",\"itemListElement\":[{\"@type\":\"ListItem\",\"position\":1,\"name\":\"Portada\",\"item\":\"https:\/\/autocarescasaleventos.com\/\"},{\"@type\":\"ListItem\",\"position\":2,\"name\":\"Pol\u00edtica de datos Contacto\"}]},{\"@type\":\"WebSite\",\"@id\":\"https:\/\/autocarescasaleventos.com\/#website\",\"url\":\"https:\/\/autocarescasaleventos.com\/\",\"name\":\"Autocares Casal Meetings & Events\",\"description\":\"\",\"publisher\":{\"@id\":\"https:\/\/autocarescasaleventos.com\/#organization\"},\"potentialAction\":[{\"@type\":\"SearchAction\",\"target\":{\"@type\":\"EntryPoint\",\"urlTemplate\":\"https:\/\/autocarescasaleventos.com\/?s={search_term_string}\"},\"query-input\":{\"@type\":\"PropertyValueSpecification\",\"valueRequired\":true,\"valueName\":\"search_term_string\"}}],\"inLanguage\":\"en-GB\"},{\"@type\":\"Organization\",\"@id\":\"https:\/\/autocarescasaleventos.com\/#organization\",\"name\":\"Casal Meetings & Events\",\"url\":\"https:\/\/autocarescasaleventos.com\/\",\"logo\":{\"@type\":\"ImageObject\",\"inLanguage\":\"en-GB\",\"@id\":\"https:\/\/autocarescasaleventos.com\/#\/schema\/logo\/image\/\",\"url\":\"https:\/\/autocarescasaleventos.com\/wp-content\/uploads\/2021\/05\/logotipo.svg\",\"contentUrl\":\"https:\/\/autocarescasaleventos.com\/wp-content\/uploads\/2021\/05\/logotipo.svg\",\"width\":1190,\"height\":504,\"caption\":\"Casal Meetings & Events\"},\"image\":{\"@id\":\"https:\/\/autocarescasaleventos.com\/#\/schema\/logo\/image\/\"},\"sameAs\":[\"http:\/\/es.linkedin.com\/company\/autocares-casal-servicio-discrecional\",\"https:\/\/www.instagram.com\/casalmeetingsevents\/\"]}]}<\/script>\n<!-- \/ Yoast SEO plugin. -->","yoast_head_json":{"title":"Pol\u00edtica de datos Contacto - Autocares Casal Meetings &amp; Events","robots":{"index":"noindex","follow":"follow"},"og_locale":"en_GB","og_type":"article","og_title":"Pol\u00edtica de datos Contacto - Autocares Casal Meetings &amp; Events","og_description":"En cumplimiento de la vigente normativa protectora de datos personales, y atendiendo de forma particular a lo dispuesto en los art\u00edculos 12 a 14 del RGPD, se le informa que el responsable del tratamiento es EMPRESA CASAL, S.L., con NIF B21002365 , y con domicilio social en c\/ Antonio de la Pe\u00f1a y L\u00f3pez, 7, ... Read more","og_url":"https:\/\/autocarescasaleventos.com\/en\/politica-de-datos-contacto\/","og_site_name":"Autocares Casal Meetings &amp; Events","article_modified_time":"2021-09-27T11:55:39+00:00","twitter_card":"summary_large_image","twitter_misc":{"Estimated reading time":"3 minutes"},"schema":{"@context":"https:\/\/schema.org","@graph":[{"@type":"WebPage","@id":"https:\/\/autocarescasaleventos.com\/politica-de-datos-contacto\/","url":"https:\/\/autocarescasaleventos.com\/politica-de-datos-contacto\/","name":"Pol\u00edtica de datos Contacto - Autocares Casal Meetings &amp; Events","isPartOf":{"@id":"https:\/\/autocarescasaleventos.com\/#website"},"datePublished":"2021-09-27T11:54:59+00:00","dateModified":"2021-09-27T11:55:39+00:00","breadcrumb":{"@id":"https:\/\/autocarescasaleventos.com\/politica-de-datos-contacto\/#breadcrumb"},"inLanguage":"en-GB","potentialAction":[{"@type":"ReadAction","target":["https:\/\/autocarescasaleventos.com\/politica-de-datos-contacto\/"]}]},{"@type":"BreadcrumbList","@id":"https:\/\/autocarescasaleventos.com\/politica-de-datos-contacto\/#breadcrumb","itemListElement":[{"@type":"ListItem","position":1,"name":"Portada","item":"https:\/\/autocarescasaleventos.com\/"},{"@type":"ListItem","position":2,"name":"Pol\u00edtica de datos Contacto"}]},{"@type":"WebSite","@id":"https:\/\/autocarescasaleventos.com\/#website","url":"https:\/\/autocarescasaleventos.com\/","name":"Autocares Casal Meetings & Events","description":"","publisher":{"@id":"https:\/\/autocarescasaleventos.com\/#organization"},"potentialAction":[{"@type":"SearchAction","target":{"@type":"EntryPoint","urlTemplate":"https:\/\/autocarescasaleventos.com\/?s={search_term_string}"},"query-input":{"@type":"PropertyValueSpecification","valueRequired":true,"valueName":"search_term_string"}}],"inLanguage":"en-GB"},{"@type":"Organization","@id":"https:\/\/autocarescasaleventos.com\/#organization","name":"Casal Meetings & Events","url":"https:\/\/autocarescasaleventos.com\/","logo":{"@type":"ImageObject","inLanguage":"en-GB","@id":"https:\/\/autocarescasaleventos.com\/#\/schema\/logo\/image\/","url":"https:\/\/autocarescasaleventos.com\/wp-content\/uploads\/2021\/05\/logotipo.svg","contentUrl":"https:\/\/autocarescasaleventos.com\/wp-content\/uploads\/2021\/05\/logotipo.svg","width":1190,"height":504,"caption":"Casal Meetings & Events"},"image":{"@id":"https:\/\/autocarescasaleventos.com\/#\/schema\/logo\/image\/"},"sameAs":["http:\/\/es.linkedin.com\/company\/autocares-casal-servicio-discrecional","https:\/\/www.instagram.com\/casalmeetingsevents\/"]}]}},"_links":{"self":[{"href":"https:\/\/autocarescasaleventos.com\/en\/wp-json\/wp\/v2\/pages\/885","targetHints":{"allow":["GET"]}}],"collection":[{"href":"https:\/\/autocarescasaleventos.com\/en\/wp-json\/wp\/v2\/pages"}],"about":[{"href":"https:\/\/autocarescasaleventos.com\/en\/wp-json\/wp\/v2\/types\/page"}],"author":[{"embeddable":true,"href":"https:\/\/autocarescasaleventos.com\/en\/wp-json\/wp\/v2\/users\/1"}],"replies":[{"embeddable":true,"href":"https:\/\/autocarescasaleventos.com\/en\/wp-json\/wp\/v2\/comments?post=885"}],"version-history":[{"count":0,"href":"https:\/\/autocarescasaleventos.com\/en\/wp-json\/wp\/v2\/pages\/885\/revisions"}],"wp:attachment":[{"href":"https:\/\/autocarescasaleventos.com\/en\/wp-json\/wp\/v2\/media?parent=885"}],"curies":[{"name":"wp","href":"https:\/\/api.w.org\/{rel}","templated":true}]}}