{"id":412,"date":"2021-06-21T09:19:19","date_gmt":"2021-06-21T09:19:19","guid":{"rendered":"https:\/\/autocarescasaleventos.com\/?page_id=412"},"modified":"2025-01-20T13:25:47","modified_gmt":"2025-01-20T13:25:47","slug":"alquiler-autobuses-bodas-bautizos-comuniones","status":"publish","type":"page","link":"https:\/\/autocarescasaleventos.com\/en\/coach-rental-weddings-baptisms-communions\/","title":{"rendered":"Wedding Coaches"},"content":{"rendered":"<div data-elementor-type=\"wp-page\" data-elementor-id=\"412\" class=\"elementor elementor-412\" data-elementor-post-type=\"page\">\n\t\t\t\t\t\t<section class=\"elementor-section elementor-top-section elementor-element elementor-element-754b61e elementor-section-boxed elementor-section-height-default elementor-section-height-default\" data-id=\"754b61e\" data-element_type=\"section\">\n\t\t\t\t\t\t<div class=\"elementor-container elementor-column-gap-default\">\n\t\t\t\t\t<div class=\"elementor-column elementor-col-50 elementor-top-column elementor-element elementor-element-1a283bf\" data-id=\"1a283bf\" data-element_type=\"column\">\n\t\t\t<div class=\"elementor-widget-wrap elementor-element-populated\">\n\t\t\t\t\t\t<div class=\"elementor-element elementor-element-b1120fb elementor-widget elementor-widget-image\" data-id=\"b1120fb\" data-element_type=\"widget\" data-widget_type=\"image.default\">\n\t\t\t\t<div class=\"elementor-widget-container\">\n\t\t\t\t\t\t\t\t\t\t\t\t\t\t\t<img fetchpriority=\"high\" decoding=\"async\" width=\"900\" height=\"400\" src=\"https:\/\/autocarescasaleventos.com\/wp-content\/uploads\/2021\/06\/autobuses-para-bodas.jpg\" class=\"attachment-large size-large wp-image-591\" alt=\"\" srcset=\"https:\/\/autocarescasaleventos.com\/wp-content\/uploads\/2021\/06\/autobuses-para-bodas.jpg 900w, https:\/\/autocarescasaleventos.com\/wp-content\/uploads\/2021\/06\/autobuses-para-bodas-600x267.jpg 600w, https:\/\/autocarescasaleventos.com\/wp-content\/uploads\/2021\/06\/autobuses-para-bodas-768x341.jpg 768w\" sizes=\"(max-width: 900px) 100vw, 900px\" \/>\t\t\t\t\t\t\t\t\t\t\t\t\t\t\t<\/div>\n\t\t\t\t<\/div>\n\t\t\t\t<div class=\"elementor-element elementor-element-4ca98fc elementor-widget elementor-widget-text-editor\" data-id=\"4ca98fc\" data-element_type=\"widget\" data-widget_type=\"text-editor.default\">\n\t\t\t\t<div class=\"elementor-widget-container\">\n\t\t\t\t\t\t\t\t\t<h2>Coaches Rental Weddings, Baptisms and Communions<\/h2><p class=\"translation-block\">Based on smart planning, our coach company organizes the logistics of your special day (wedding, baptism or communion) in the best possible way.<\/p><p>\u00a0<\/p><p class=\"translation-block\">We know that details are very important, and that is why we put Premium quality coaches at your disposal for the development of this event, be it your wedding, a baptism or a communion. Our coach company offers a personalized and tailored service for each event.<\/p><p>\u00a0<\/p><p class=\"translation-block\">Do not hesitate, ask us about our coaches for weddings, baptisms or communions.<\/p>\t\t\t\t\t\t\t\t<\/div>\n\t\t\t\t<\/div>\n\t\t\t\t\t<\/div>\n\t\t<\/div>\n\t\t\t\t<div class=\"elementor-column elementor-col-50 elementor-top-column elementor-element elementor-element-a873481\" data-id=\"a873481\" data-element_type=\"column\">\n\t\t\t<div class=\"elementor-widget-wrap elementor-element-populated\">\n\t\t\t\t\t\t<div class=\"elementor-element elementor-element-445ddc0 elementor-widget elementor-widget-heading\" data-id=\"445ddc0\" data-element_type=\"widget\" data-widget_type=\"heading.default\">\n\t\t\t\t<div class=\"elementor-widget-container\">\n\t\t\t\t\t<h3 class=\"elementor-heading-title elementor-size-default\">Request a budget without obligation\n<\/h3>\t\t\t\t<\/div>\n\t\t\t\t<\/div>\n\t\t\t\t<div class=\"elementor-element elementor-element-0d263dc elementor-button-align-end elementor-widget elementor-widget-form\" data-id=\"0d263dc\" data-element_type=\"widget\" data-settings=\"{&quot;step_next_label&quot;:&quot;Next&quot;,&quot;step_previous_label&quot;:&quot;Previous&quot;,&quot;button_width&quot;:&quot;100&quot;,&quot;step_type&quot;:&quot;number_text&quot;,&quot;step_icon_shape&quot;:&quot;circle&quot;}\" data-widget_type=\"form.default\">\n\t\t\t\t<div class=\"elementor-widget-container\">\n\t\t\t\t\t\t\t<form class=\"elementor-form\" method=\"post\" name=\"Presupuesto Bodas\" action=\"\">\n\t\t\t<input type=\"hidden\" name=\"post_id\" value=\"412\"\/>\n\t\t\t<input type=\"hidden\" name=\"form_id\" value=\"0d263dc\"\/>\n\t\t\t<input type=\"hidden\" name=\"referer_title\" value=\"Autocares Casal Meetings &amp; Events\" \/>\n\n\t\t\t\n\t\t\t<div class=\"elementor-form-fields-wrapper elementor-labels-above\">\n\t\t\t\t\t\t\t\t<div class=\"elementor-field-type-text elementor-field-group elementor-column elementor-field-group-name elementor-col-100 elementor-field-required elementor-mark-required\">\n\t\t\t\t\t\t\t\t\t\t\t\t<label for=\"form-field-name\" class=\"elementor-field-label\">\n\t\t\t\t\t\t\t\tName\t\t\t\t\t\t\t<\/label>\n\t\t\t\t\t\t\t\t\t\t\t\t\t\t<input size=\"1\" type=\"text\" name=\"form_fields[name]\" id=\"form-field-name\" class=\"elementor-field elementor-size-md  elementor-field-textual\" required=\"required\" aria-required=\"true\">\n\t\t\t\t\t\t\t\t\t\t\t<\/div>\n\t\t\t\t\t\t\t\t<div class=\"elementor-field-type-text elementor-field-group elementor-column elementor-field-group-field_1d571f5 elementor-col-33 elementor-field-required elementor-mark-required\">\n\t\t\t\t\t\t\t\t\t\t\t\t<label for=\"form-field-field_1d571f5\" class=\"elementor-field-label\">\n\t\t\t\t\t\t\t\tTelephone\t\t\t\t\t\t\t<\/label>\n\t\t\t\t\t\t\t\t\t\t\t\t\t\t<input size=\"1\" type=\"text\" name=\"form_fields[field_1d571f5]\" id=\"form-field-field_1d571f5\" class=\"elementor-field elementor-size-md  elementor-field-textual\" required=\"required\" aria-required=\"true\">\n\t\t\t\t\t\t\t\t\t\t\t<\/div>\n\t\t\t\t\t\t\t\t<div class=\"elementor-field-type-email elementor-field-group elementor-column elementor-field-group-email elementor-col-33 elementor-field-required elementor-mark-required\">\n\t\t\t\t\t\t\t\t\t\t\t\t<label for=\"form-field-email\" class=\"elementor-field-label\">\n\t\t\t\t\t\t\t\tE-mail\t\t\t\t\t\t\t<\/label>\n\t\t\t\t\t\t\t\t\t\t\t\t\t\t<input size=\"1\" type=\"email\" name=\"form_fields[email]\" id=\"form-field-email\" class=\"elementor-field elementor-size-md  elementor-field-textual\" required=\"required\" aria-required=\"true\">\n\t\t\t\t\t\t\t\t\t\t\t<\/div>\n\t\t\t\t\t\t\t\t<div class=\"elementor-field-type-text elementor-field-group elementor-column elementor-field-group-field_af8090e elementor-col-33\">\n\t\t\t\t\t\t\t\t\t\t\t\t<label for=\"form-field-field_af8090e\" class=\"elementor-field-label\">\n\t\t\t\t\t\t\t\tNo. of places\t\t\t\t\t\t\t<\/label>\n\t\t\t\t\t\t\t\t\t\t\t\t\t\t<input size=\"1\" type=\"text\" name=\"form_fields[field_af8090e]\" id=\"form-field-field_af8090e\" class=\"elementor-field elementor-size-md  elementor-field-textual\">\n\t\t\t\t\t\t\t\t\t\t\t<\/div>\n\t\t\t\t\t\t\t\t<div class=\"elementor-field-type-html elementor-field-group elementor-column elementor-field-group-field_37856e8 elementor-col-100\">\n\t\t\t\t\t<b>EXIT<\/b>\t\t\t\t<\/div>\n\t\t\t\t\t\t\t\t<div class=\"elementor-field-type-text elementor-field-group elementor-column elementor-field-group-field_3d09b2e elementor-col-33\">\n\t\t\t\t\t\t\t\t\t\t\t\t<label for=\"form-field-field_3d09b2e\" class=\"elementor-field-label\">\n\t\t\t\t\t\t\t\tDeparture place\t\t\t\t\t\t\t<\/label>\n\t\t\t\t\t\t\t\t\t\t\t\t\t\t<input size=\"1\" type=\"text\" name=\"form_fields[field_3d09b2e]\" id=\"form-field-field_3d09b2e\" class=\"elementor-field elementor-size-md  elementor-field-textual\">\n\t\t\t\t\t\t\t\t\t\t\t<\/div>\n\t\t\t\t\t\t\t\t<div class=\"elementor-field-type-date elementor-field-group elementor-column elementor-field-group-field_655dded elementor-col-33\">\n\t\t\t\t\t\t\t\t\t\t\t\t<label for=\"form-field-field_655dded\" class=\"elementor-field-label\">\n\t\t\t\t\t\t\t\tDeparture date\t\t\t\t\t\t\t<\/label>\n\t\t\t\t\t\t\n\t\t<input type=\"date\" name=\"form_fields[field_655dded]\" id=\"form-field-field_655dded\" class=\"elementor-field elementor-size-md  elementor-field-textual elementor-date-field\" pattern=\"[0-9]{4}-[0-9]{2}-[0-9]{2}\">\n\t\t\t\t\t\t<\/div>\n\t\t\t\t\t\t\t\t<div class=\"elementor-field-type-time elementor-field-group elementor-column elementor-field-group-field_80c4c5b elementor-col-33\">\n\t\t\t\t\t\t\t\t\t\t\t\t<label for=\"form-field-field_80c4c5b\" class=\"elementor-field-label\">\n\t\t\t\t\t\t\t\tDeparture time\t\t\t\t\t\t\t<\/label>\n\t\t\t\t\t\t\t\t<input type=\"time\" name=\"form_fields[field_80c4c5b]\" id=\"form-field-field_80c4c5b\" class=\"elementor-field elementor-size-md  elementor-field-textual elementor-time-field\">\n\t\t\t\t\t\t<\/div>\n\t\t\t\t\t\t\t\t<div class=\"elementor-field-type-html elementor-field-group elementor-column elementor-field-group-field_19e453f elementor-col-100\">\n\t\t\t\t\t<b>DESTINATION<\/b>\t\t\t\t<\/div>\n\t\t\t\t\t\t\t\t<div class=\"elementor-field-type-text elementor-field-group elementor-column elementor-field-group-field_d6ffd89 elementor-col-33\">\n\t\t\t\t\t\t\t\t\t\t\t\t<label for=\"form-field-field_d6ffd89\" class=\"elementor-field-label\">\n\t\t\t\t\t\t\t\tDestination place\t\t\t\t\t\t\t<\/label>\n\t\t\t\t\t\t\t\t\t\t\t\t\t\t<input size=\"1\" type=\"text\" name=\"form_fields[field_d6ffd89]\" id=\"form-field-field_d6ffd89\" class=\"elementor-field elementor-size-md  elementor-field-textual\">\n\t\t\t\t\t\t\t\t\t\t\t<\/div>\n\t\t\t\t\t\t\t\t<div class=\"elementor-field-type-date elementor-field-group elementor-column elementor-field-group-field_d59d183 elementor-col-33\">\n\t\t\t\t\t\t\t\t\t\t\t\t<label for=\"form-field-field_d59d183\" class=\"elementor-field-label\">\n\t\t\t\t\t\t\t\tArrival date\t\t\t\t\t\t\t<\/label>\n\t\t\t\t\t\t\n\t\t<input type=\"date\" name=\"form_fields[field_d59d183]\" id=\"form-field-field_d59d183\" class=\"elementor-field elementor-size-md  elementor-field-textual elementor-date-field\" pattern=\"[0-9]{4}-[0-9]{2}-[0-9]{2}\">\n\t\t\t\t\t\t<\/div>\n\t\t\t\t\t\t\t\t<div class=\"elementor-field-type-time elementor-field-group elementor-column elementor-field-group-field_94d71f2 elementor-col-33\">\n\t\t\t\t\t\t\t\t\t\t\t\t<label for=\"form-field-field_94d71f2\" class=\"elementor-field-label\">\n\t\t\t\t\t\t\t\tArrival time\t\t\t\t\t\t\t<\/label>\n\t\t\t\t\t\t\t\t<input type=\"time\" name=\"form_fields[field_94d71f2]\" id=\"form-field-field_94d71f2\" class=\"elementor-field elementor-size-md  elementor-field-textual elementor-time-field\">\n\t\t\t\t\t\t<\/div>\n\t\t\t\t\t\t\t\t<div class=\"elementor-field-type-select elementor-field-group elementor-column elementor-field-group-idioma elementor-col-100 elementor-field-required elementor-mark-required\">\n\t\t\t\t\t\t\t\t\t\t\t\t<label for=\"form-field-idioma\" class=\"elementor-field-label\">\n\t\t\t\t\t\t\t\tIdioma\t\t\t\t\t\t\t<\/label>\n\t\t\t\t\t\t\t\t<div class=\"elementor-field elementor-select-wrapper remove-before\">\n\t\t\t<div class=\"select-caret-down-wrapper\">\n\t\t\t\t<i aria-hidden=\"true\" class=\"eicon-caret-down\"><\/i>\t\t\t<\/div>\n\t\t\t<select name=\"form_fields[idioma]\" id=\"form-field-idioma\" class=\"elementor-field-textual elementor-size-md\" required=\"required\" aria-required=\"true\">\n\t\t\t\t\t\t\t\t\t<option value=\" Espa\u00f1ol\">Espa\u00f1ol <\/option>\n\t\t\t\t\t\t\t\t\t<option value=\" Ingl\u00e9s\">Ingl\u00e9s <\/option>\n\t\t\t\t\t\t\t\t\t<option value=\" Franc\u00e9s\">Franc\u00e9s <\/option>\n\t\t\t\t\t\t\t<\/select>\n\t\t<\/div>\n\t\t\t\t\t\t<\/div>\n\t\t\t\t\t\t\t\t<div class=\"elementor-field-type-textarea elementor-field-group elementor-column elementor-field-group-message elementor-col-100\">\n\t\t\t\t\t\t\t\t\t\t\t\t<label for=\"form-field-message\" class=\"elementor-field-label\">\n\t\t\t\t\t\t\t\tMessage\t\t\t\t\t\t\t<\/label>\n\t\t\t\t\t\t<textarea class=\"elementor-field-textual elementor-field  elementor-size-md\" name=\"form_fields[message]\" id=\"form-field-message\" rows=\"6\"><\/textarea>\t\t\t\t<\/div>\n\t\t\t\t\t\t\t\t<div class=\"elementor-field-type-acceptance elementor-field-group elementor-column elementor-field-group-field_eec7981 elementor-col-100 elementor-field-required elementor-mark-required\">\n\t\t\t\t\t\t\t<div class=\"elementor-field-subgroup\">\n\t\t\t<span class=\"elementor-field-option\">\n\t\t\t\t<input type=\"checkbox\" name=\"form_fields[field_eec7981]\" id=\"form-field-field_eec7981\" class=\"elementor-field elementor-size-md  elementor-acceptance-field\" required=\"required\" aria-required=\"true\">\n\t\t\t\t<label for=\"form-field-field_eec7981\">I accept the <a href=\"https:\/\/autocarescasaleventos.com\/en\/politica-de-datos-presupuesto\/\" target=\"_blank\">data treatment policy<\/a><\/label>\t\t\t<\/span>\n\t\t<\/div>\n\t\t\t\t\t\t<\/div>\n\t\t\t\t\t\t\t\t<div class=\"elementor-field-group elementor-column elementor-field-type-submit elementor-col-100 e-form__buttons\">\n\t\t\t\t\t<button class=\"elementor-button elementor-size-lg\" type=\"submit\">\n\t\t\t\t\t\t<span class=\"elementor-button-content-wrapper\">\n\t\t\t\t\t\t\t\t\t\t\t\t\t\t\t\t\t\t\t\t\t\t<span class=\"elementor-button-text\">SEND<\/span>\n\t\t\t\t\t\t\t\t\t\t\t\t\t<\/span>\n\t\t\t\t\t<\/button>\n\t\t\t\t<\/div>\n\t\t\t<\/div>\n\t\t<input type=\"hidden\" name=\"trp-form-language\" value=\"en\"\/><\/form>\n\t\t\t\t\t\t<\/div>\n\t\t\t\t<\/div>\n\t\t\t\t\t<\/div>\n\t\t<\/div>\n\t\t\t\t\t<\/div>\n\t\t<\/section>\n\t\t\t\t<\/div>","protected":false},"excerpt":{"rendered":"<p>Alquiler de Autobuses Bodas, Bautizos y Comuniones Bas\u00e1ndonos en una planificaci\u00f3n inteligente, nuestra empresa de autobuses organiza la log\u00edstica de vuestro d\u00eda especial (boda, bautizo o comuni\u00f3n) de la mejor manera posible. \u00a0 Sabemos que los detalles son muy importantes, y por ello ponemos a vuestra disposici\u00f3n autobuses de calidad Premium para el desarrollo de &#8230; <a title=\"Wedding Coaches\" class=\"read-more\" href=\"https:\/\/autocarescasaleventos.com\/en\/coach-rental-weddings-baptisms-communions\/\" aria-label=\"Read more about Autobuses para Bodas\">Read more<\/a><\/p>","protected":false},"author":1,"featured_media":0,"parent":0,"menu_order":0,"comment_status":"closed","ping_status":"closed","template":"","meta":{"inline_featured_image":false,"footnotes":""},"class_list":["post-412","page","type-page","status-publish"],"yoast_head":"<!-- This site is optimized with the Yoast SEO plugin v25.9 - https:\/\/yoast.com\/wordpress\/plugins\/seo\/ -->\n<title>Autobuses para Bodas Sevilla | Bautizos | Comuniones | Casal Meetings &amp; Events<\/title>\n<meta name=\"description\" content=\"Autobuses para Bodas, Bautizos o Comuniones en Sevilla. A tu disposici\u00f3n autobuses de calidad Premium para ese d\u00eda tan especial. \u00a1Contacta!\" \/>\n<meta name=\"robots\" content=\"index, follow, max-snippet:-1, max-image-preview:large, max-video-preview:-1\" \/>\n<link rel=\"canonical\" href=\"https:\/\/autocarescasaleventos.com\/en\/coach-rental-weddings-baptisms-communions\/\" \/>\n<meta property=\"og:locale\" content=\"en_GB\" \/>\n<meta property=\"og:type\" content=\"article\" \/>\n<meta property=\"og:title\" content=\"Autobuses para Bodas Sevilla | Bautizos | Comuniones | Casal Meetings &amp; Events\" \/>\n<meta property=\"og:description\" content=\"Autobuses para Bodas, Bautizos o Comuniones en Sevilla. A tu disposici\u00f3n autobuses de calidad Premium para ese d\u00eda tan especial. \u00a1Contacta!\" \/>\n<meta property=\"og:url\" content=\"https:\/\/autocarescasaleventos.com\/en\/coach-rental-weddings-baptisms-communions\/\" \/>\n<meta property=\"og:site_name\" content=\"Autocares Casal Meetings &amp; Events\" \/>\n<meta property=\"article:modified_time\" content=\"2025-01-20T13:25:47+00:00\" \/>\n<meta property=\"og:image\" content=\"https:\/\/autocarescasaleventos.com\/wp-content\/uploads\/2021\/06\/autobuses-para-bodas.jpg\" \/>\n\t<meta property=\"og:image:width\" content=\"900\" \/>\n\t<meta property=\"og:image:height\" content=\"400\" \/>\n\t<meta property=\"og:image:type\" content=\"image\/jpeg\" \/>\n<meta name=\"twitter:card\" content=\"summary_large_image\" \/>\n<meta name=\"twitter:label1\" content=\"Estimated reading time\" \/>\n\t<meta name=\"twitter:data1\" content=\"1 minute\" \/>\n<script type=\"application\/ld+json\" class=\"yoast-schema-graph\">{\"@context\":\"https:\/\/schema.org\",\"@graph\":[{\"@type\":\"WebPage\",\"@id\":\"https:\/\/autocarescasaleventos.com\/alquiler-autobuses-bodas-bautizos-comuniones\/\",\"url\":\"https:\/\/autocarescasaleventos.com\/alquiler-autobuses-bodas-bautizos-comuniones\/\",\"name\":\"Autobuses para Bodas Sevilla | Bautizos | Comuniones | Casal Meetings & Events\",\"isPartOf\":{\"@id\":\"https:\/\/autocarescasaleventos.com\/#website\"},\"primaryImageOfPage\":{\"@id\":\"https:\/\/autocarescasaleventos.com\/alquiler-autobuses-bodas-bautizos-comuniones\/#primaryimage\"},\"image\":{\"@id\":\"https:\/\/autocarescasaleventos.com\/alquiler-autobuses-bodas-bautizos-comuniones\/#primaryimage\"},\"thumbnailUrl\":\"https:\/\/autocarescasaleventos.com\/wp-content\/uploads\/2021\/06\/autobuses-para-bodas.jpg\",\"datePublished\":\"2021-06-21T09:19:19+00:00\",\"dateModified\":\"2025-01-20T13:25:47+00:00\",\"description\":\"Autobuses para Bodas, Bautizos o Comuniones en Sevilla. A tu disposici\u00f3n autobuses de calidad Premium para ese d\u00eda tan especial. \u00a1Contacta!\",\"breadcrumb\":{\"@id\":\"https:\/\/autocarescasaleventos.com\/alquiler-autobuses-bodas-bautizos-comuniones\/#breadcrumb\"},\"inLanguage\":\"en-GB\",\"potentialAction\":[{\"@type\":\"ReadAction\",\"target\":[\"https:\/\/autocarescasaleventos.com\/alquiler-autobuses-bodas-bautizos-comuniones\/\"]}]},{\"@type\":\"ImageObject\",\"inLanguage\":\"en-GB\",\"@id\":\"https:\/\/autocarescasaleventos.com\/alquiler-autobuses-bodas-bautizos-comuniones\/#primaryimage\",\"url\":\"https:\/\/autocarescasaleventos.com\/wp-content\/uploads\/2021\/06\/autobuses-para-bodas.jpg\",\"contentUrl\":\"https:\/\/autocarescasaleventos.com\/wp-content\/uploads\/2021\/06\/autobuses-para-bodas.jpg\"},{\"@type\":\"BreadcrumbList\",\"@id\":\"https:\/\/autocarescasaleventos.com\/alquiler-autobuses-bodas-bautizos-comuniones\/#breadcrumb\",\"itemListElement\":[{\"@type\":\"ListItem\",\"position\":1,\"name\":\"Portada\",\"item\":\"https:\/\/autocarescasaleventos.com\/\"},{\"@type\":\"ListItem\",\"position\":2,\"name\":\"Autobuses para Bodas\"}]},{\"@type\":\"WebSite\",\"@id\":\"https:\/\/autocarescasaleventos.com\/#website\",\"url\":\"https:\/\/autocarescasaleventos.com\/\",\"name\":\"Autocares Casal Meetings & Events\",\"description\":\"\",\"publisher\":{\"@id\":\"https:\/\/autocarescasaleventos.com\/#organization\"},\"potentialAction\":[{\"@type\":\"SearchAction\",\"target\":{\"@type\":\"EntryPoint\",\"urlTemplate\":\"https:\/\/autocarescasaleventos.com\/?s={search_term_string}\"},\"query-input\":{\"@type\":\"PropertyValueSpecification\",\"valueRequired\":true,\"valueName\":\"search_term_string\"}}],\"inLanguage\":\"en-GB\"},{\"@type\":\"Organization\",\"@id\":\"https:\/\/autocarescasaleventos.com\/#organization\",\"name\":\"Casal Meetings & Events\",\"url\":\"https:\/\/autocarescasaleventos.com\/\",\"logo\":{\"@type\":\"ImageObject\",\"inLanguage\":\"en-GB\",\"@id\":\"https:\/\/autocarescasaleventos.com\/#\/schema\/logo\/image\/\",\"url\":\"https:\/\/autocarescasaleventos.com\/wp-content\/uploads\/2021\/05\/logotipo.svg\",\"contentUrl\":\"https:\/\/autocarescasaleventos.com\/wp-content\/uploads\/2021\/05\/logotipo.svg\",\"width\":1190,\"height\":504,\"caption\":\"Casal Meetings & Events\"},\"image\":{\"@id\":\"https:\/\/autocarescasaleventos.com\/#\/schema\/logo\/image\/\"},\"sameAs\":[\"http:\/\/es.linkedin.com\/company\/autocares-casal-servicio-discrecional\",\"https:\/\/www.instagram.com\/casalmeetingsevents\/\"]}]}<\/script>\n<!-- \/ Yoast SEO plugin. -->","yoast_head_json":{"title":"Autobuses para Bodas Sevilla | Bautizos | Comuniones | Casal Meetings & Events","description":"Autobuses para Bodas, Bautizos o Comuniones en Sevilla. A tu disposici\u00f3n autobuses de calidad Premium para ese d\u00eda tan especial. \u00a1Contacta!","robots":{"index":"index","follow":"follow","max-snippet":"max-snippet:-1","max-image-preview":"max-image-preview:large","max-video-preview":"max-video-preview:-1"},"canonical":"https:\/\/autocarescasaleventos.com\/en\/coach-rental-weddings-baptisms-communions\/","og_locale":"en_GB","og_type":"article","og_title":"Autobuses para Bodas Sevilla | Bautizos | Comuniones | Casal Meetings & Events","og_description":"Autobuses para Bodas, Bautizos o Comuniones en Sevilla. A tu disposici\u00f3n autobuses de calidad Premium para ese d\u00eda tan especial. \u00a1Contacta!","og_url":"https:\/\/autocarescasaleventos.com\/en\/coach-rental-weddings-baptisms-communions\/","og_site_name":"Autocares Casal Meetings &amp; Events","article_modified_time":"2025-01-20T13:25:47+00:00","og_image":[{"width":900,"height":400,"url":"https:\/\/autocarescasaleventos.com\/wp-content\/uploads\/2021\/06\/autobuses-para-bodas.jpg","type":"image\/jpeg"}],"twitter_card":"summary_large_image","twitter_misc":{"Estimated reading time":"1 minute"},"schema":{"@context":"https:\/\/schema.org","@graph":[{"@type":"WebPage","@id":"https:\/\/autocarescasaleventos.com\/alquiler-autobuses-bodas-bautizos-comuniones\/","url":"https:\/\/autocarescasaleventos.com\/alquiler-autobuses-bodas-bautizos-comuniones\/","name":"Autobuses para Bodas Sevilla | Bautizos | Comuniones | Casal Meetings & Events","isPartOf":{"@id":"https:\/\/autocarescasaleventos.com\/#website"},"primaryImageOfPage":{"@id":"https:\/\/autocarescasaleventos.com\/alquiler-autobuses-bodas-bautizos-comuniones\/#primaryimage"},"image":{"@id":"https:\/\/autocarescasaleventos.com\/alquiler-autobuses-bodas-bautizos-comuniones\/#primaryimage"},"thumbnailUrl":"https:\/\/autocarescasaleventos.com\/wp-content\/uploads\/2021\/06\/autobuses-para-bodas.jpg","datePublished":"2021-06-21T09:19:19+00:00","dateModified":"2025-01-20T13:25:47+00:00","description":"Autobuses para Bodas, Bautizos o Comuniones en Sevilla. A tu disposici\u00f3n autobuses de calidad Premium para ese d\u00eda tan especial. \u00a1Contacta!","breadcrumb":{"@id":"https:\/\/autocarescasaleventos.com\/alquiler-autobuses-bodas-bautizos-comuniones\/#breadcrumb"},"inLanguage":"en-GB","potentialAction":[{"@type":"ReadAction","target":["https:\/\/autocarescasaleventos.com\/alquiler-autobuses-bodas-bautizos-comuniones\/"]}]},{"@type":"ImageObject","inLanguage":"en-GB","@id":"https:\/\/autocarescasaleventos.com\/alquiler-autobuses-bodas-bautizos-comuniones\/#primaryimage","url":"https:\/\/autocarescasaleventos.com\/wp-content\/uploads\/2021\/06\/autobuses-para-bodas.jpg","contentUrl":"https:\/\/autocarescasaleventos.com\/wp-content\/uploads\/2021\/06\/autobuses-para-bodas.jpg"},{"@type":"BreadcrumbList","@id":"https:\/\/autocarescasaleventos.com\/alquiler-autobuses-bodas-bautizos-comuniones\/#breadcrumb","itemListElement":[{"@type":"ListItem","position":1,"name":"Portada","item":"https:\/\/autocarescasaleventos.com\/"},{"@type":"ListItem","position":2,"name":"Autobuses para Bodas"}]},{"@type":"WebSite","@id":"https:\/\/autocarescasaleventos.com\/#website","url":"https:\/\/autocarescasaleventos.com\/","name":"Autocares Casal Meetings & Events","description":"","publisher":{"@id":"https:\/\/autocarescasaleventos.com\/#organization"},"potentialAction":[{"@type":"SearchAction","target":{"@type":"EntryPoint","urlTemplate":"https:\/\/autocarescasaleventos.com\/?s={search_term_string}"},"query-input":{"@type":"PropertyValueSpecification","valueRequired":true,"valueName":"search_term_string"}}],"inLanguage":"en-GB"},{"@type":"Organization","@id":"https:\/\/autocarescasaleventos.com\/#organization","name":"Casal Meetings & Events","url":"https:\/\/autocarescasaleventos.com\/","logo":{"@type":"ImageObject","inLanguage":"en-GB","@id":"https:\/\/autocarescasaleventos.com\/#\/schema\/logo\/image\/","url":"https:\/\/autocarescasaleventos.com\/wp-content\/uploads\/2021\/05\/logotipo.svg","contentUrl":"https:\/\/autocarescasaleventos.com\/wp-content\/uploads\/2021\/05\/logotipo.svg","width":1190,"height":504,"caption":"Casal Meetings & Events"},"image":{"@id":"https:\/\/autocarescasaleventos.com\/#\/schema\/logo\/image\/"},"sameAs":["http:\/\/es.linkedin.com\/company\/autocares-casal-servicio-discrecional","https:\/\/www.instagram.com\/casalmeetingsevents\/"]}]}},"_links":{"self":[{"href":"https:\/\/autocarescasaleventos.com\/en\/wp-json\/wp\/v2\/pages\/412","targetHints":{"allow":["GET"]}}],"collection":[{"href":"https:\/\/autocarescasaleventos.com\/en\/wp-json\/wp\/v2\/pages"}],"about":[{"href":"https:\/\/autocarescasaleventos.com\/en\/wp-json\/wp\/v2\/types\/page"}],"author":[{"embeddable":true,"href":"https:\/\/autocarescasaleventos.com\/en\/wp-json\/wp\/v2\/users\/1"}],"replies":[{"embeddable":true,"href":"https:\/\/autocarescasaleventos.com\/en\/wp-json\/wp\/v2\/comments?post=412"}],"version-history":[{"count":3,"href":"https:\/\/autocarescasaleventos.com\/en\/wp-json\/wp\/v2\/pages\/412\/revisions"}],"predecessor-version":[{"id":1514,"href":"https:\/\/autocarescasaleventos.com\/en\/wp-json\/wp\/v2\/pages\/412\/revisions\/1514"}],"wp:attachment":[{"href":"https:\/\/autocarescasaleventos.com\/en\/wp-json\/wp\/v2\/media?parent=412"}],"curies":[{"name":"wp","href":"https:\/\/api.w.org\/{rel}","templated":true}]}}