{"id":410,"date":"2021-06-21T09:18:45","date_gmt":"2021-06-21T09:18:45","guid":{"rendered":"https:\/\/autocarescasaleventos.com\/?page_id=410"},"modified":"2025-01-20T13:17:02","modified_gmt":"2025-01-20T13:17:02","slug":"alquiler-coches-con-conductor","status":"publish","type":"page","link":"https:\/\/autocarescasaleventos.com\/en\/car-rental-with-driver\/","title":{"rendered":"Car rental with driver"},"content":{"rendered":"<div data-elementor-type=\"wp-page\" data-elementor-id=\"410\" class=\"elementor elementor-410\" data-elementor-post-type=\"page\">\n\t\t\t\t\t\t<section class=\"elementor-section elementor-top-section elementor-element elementor-element-ec87d85 elementor-section-boxed elementor-section-height-default elementor-section-height-default\" data-id=\"ec87d85\" data-element_type=\"section\">\n\t\t\t\t\t\t<div class=\"elementor-container elementor-column-gap-default\">\n\t\t\t\t\t<div class=\"elementor-column elementor-col-50 elementor-top-column elementor-element elementor-element-12ad976\" data-id=\"12ad976\" data-element_type=\"column\">\n\t\t\t<div class=\"elementor-widget-wrap elementor-element-populated\">\n\t\t\t\t\t\t<div class=\"elementor-element elementor-element-19b051c elementor-widget elementor-widget-image\" data-id=\"19b051c\" data-element_type=\"widget\" data-widget_type=\"image.default\">\n\t\t\t\t<div class=\"elementor-widget-container\">\n\t\t\t\t\t\t\t\t\t\t\t\t\t\t\t<img fetchpriority=\"high\" decoding=\"async\" width=\"759\" height=\"459\" src=\"https:\/\/autocarescasaleventos.com\/wp-content\/uploads\/2021\/06\/alquiler-coche-conductor-3.png\" class=\"attachment-large size-large wp-image-577\" alt=\"\" srcset=\"https:\/\/autocarescasaleventos.com\/wp-content\/uploads\/2021\/06\/alquiler-coche-conductor-3.png 759w, https:\/\/autocarescasaleventos.com\/wp-content\/uploads\/2021\/06\/alquiler-coche-conductor-3-600x363.png 600w\" sizes=\"(max-width: 759px) 100vw, 759px\" \/>\t\t\t\t\t\t\t\t\t\t\t\t\t\t\t<\/div>\n\t\t\t\t<\/div>\n\t\t\t\t<div class=\"elementor-element elementor-element-7c1438e elementor-widget elementor-widget-text-editor\" data-id=\"7c1438e\" data-element_type=\"widget\" data-widget_type=\"text-editor.default\">\n\t\t\t\t<div class=\"elementor-widget-container\">\n\t\t\t\t\t\t\t\t\t<h2>Car Rental with Driver<\/h2><p>At Casal we offer you the possibility of renting cars with a driver for sightseeing tours, transfers to congresses, meetings or getting to know a city in a personalized way.<\/p><p>\u00a0<\/p><p>Disponemos de veh\u00edculos que se adaptan a sus necesidades, desde uno hasta siete pasajeros. Ya son muchos los que conf\u00edan en el alquiler de nuestros coches con conductor. Podemos ofrecerles distintos tipos de servicio tales como traslados aeropuerto-hotel, disposiciones por horas o d\u00edas, excursiones, circuitos por Andaluc\u00eda y resto de Espa\u00f1a y Portugal, etc.<\/p><p>\u00a0<\/p><p>Los modelos de veh\u00edculos VTC que ofrecemos son:<\/p><ul><li>SEDAN COMFORT<\/li><li>SEDAN EXECUTIVE<\/li><li>MINIVAN COMFORT<\/li><li>MINIVAN EXECUTIVE<\/li><\/ul>\t\t\t\t\t\t\t\t<\/div>\n\t\t\t\t<\/div>\n\t\t\t\t\t<\/div>\n\t\t<\/div>\n\t\t\t\t<div class=\"elementor-column elementor-col-50 elementor-top-column elementor-element elementor-element-d0e1284\" data-id=\"d0e1284\" data-element_type=\"column\">\n\t\t\t<div class=\"elementor-widget-wrap elementor-element-populated\">\n\t\t\t\t\t\t<div class=\"elementor-element elementor-element-7e5ee24 elementor-widget elementor-widget-heading\" data-id=\"7e5ee24\" data-element_type=\"widget\" data-widget_type=\"heading.default\">\n\t\t\t\t<div class=\"elementor-widget-container\">\n\t\t\t\t\t<h3 class=\"elementor-heading-title elementor-size-default\">Request a budget without obligation\n<\/h3>\t\t\t\t<\/div>\n\t\t\t\t<\/div>\n\t\t\t\t<div class=\"elementor-element elementor-element-d5a61cf elementor-button-align-end elementor-widget elementor-widget-form\" data-id=\"d5a61cf\" data-element_type=\"widget\" data-settings=\"{&quot;step_next_label&quot;:&quot;Next&quot;,&quot;step_previous_label&quot;:&quot;Previous&quot;,&quot;button_width&quot;:&quot;100&quot;,&quot;step_type&quot;:&quot;number_text&quot;,&quot;step_icon_shape&quot;:&quot;circle&quot;}\" data-widget_type=\"form.default\">\n\t\t\t\t<div class=\"elementor-widget-container\">\n\t\t\t\t\t\t\t<form class=\"elementor-form\" method=\"post\" name=\"Presupuesto VTC\" action=\"\">\n\t\t\t<input type=\"hidden\" name=\"post_id\" value=\"410\"\/>\n\t\t\t<input type=\"hidden\" name=\"form_id\" value=\"d5a61cf\"\/>\n\t\t\t<input type=\"hidden\" name=\"referer_title\" value=\"Autocares Casal Meetings &amp; Events\" \/>\n\n\t\t\t\n\t\t\t<div class=\"elementor-form-fields-wrapper elementor-labels-above\">\n\t\t\t\t\t\t\t\t<div class=\"elementor-field-type-text elementor-field-group elementor-column elementor-field-group-name elementor-col-100 elementor-field-required elementor-mark-required\">\n\t\t\t\t\t\t\t\t\t\t\t\t<label for=\"form-field-name\" class=\"elementor-field-label\">\n\t\t\t\t\t\t\t\tName\t\t\t\t\t\t\t<\/label>\n\t\t\t\t\t\t\t\t\t\t\t\t\t\t<input size=\"1\" type=\"text\" name=\"form_fields[name]\" id=\"form-field-name\" class=\"elementor-field elementor-size-md  elementor-field-textual\" required=\"required\" aria-required=\"true\">\n\t\t\t\t\t\t\t\t\t\t\t<\/div>\n\t\t\t\t\t\t\t\t<div class=\"elementor-field-type-text elementor-field-group elementor-column elementor-field-group-field_1d571f5 elementor-col-33 elementor-field-required elementor-mark-required\">\n\t\t\t\t\t\t\t\t\t\t\t\t<label for=\"form-field-field_1d571f5\" class=\"elementor-field-label\">\n\t\t\t\t\t\t\t\tTelephone\t\t\t\t\t\t\t<\/label>\n\t\t\t\t\t\t\t\t\t\t\t\t\t\t<input size=\"1\" type=\"text\" name=\"form_fields[field_1d571f5]\" id=\"form-field-field_1d571f5\" class=\"elementor-field elementor-size-md  elementor-field-textual\" required=\"required\" aria-required=\"true\">\n\t\t\t\t\t\t\t\t\t\t\t<\/div>\n\t\t\t\t\t\t\t\t<div class=\"elementor-field-type-email elementor-field-group elementor-column elementor-field-group-email elementor-col-33 elementor-field-required elementor-mark-required\">\n\t\t\t\t\t\t\t\t\t\t\t\t<label for=\"form-field-email\" class=\"elementor-field-label\">\n\t\t\t\t\t\t\t\tE-mail\t\t\t\t\t\t\t<\/label>\n\t\t\t\t\t\t\t\t\t\t\t\t\t\t<input size=\"1\" type=\"email\" name=\"form_fields[email]\" id=\"form-field-email\" class=\"elementor-field elementor-size-md  elementor-field-textual\" required=\"required\" aria-required=\"true\">\n\t\t\t\t\t\t\t\t\t\t\t<\/div>\n\t\t\t\t\t\t\t\t<div class=\"elementor-field-type-text elementor-field-group elementor-column elementor-field-group-field_af8090e elementor-col-33\">\n\t\t\t\t\t\t\t\t\t\t\t\t<label for=\"form-field-field_af8090e\" class=\"elementor-field-label\">\n\t\t\t\t\t\t\t\tNo. of places\t\t\t\t\t\t\t<\/label>\n\t\t\t\t\t\t\t\t\t\t\t\t\t\t<input size=\"1\" type=\"text\" name=\"form_fields[field_af8090e]\" id=\"form-field-field_af8090e\" class=\"elementor-field elementor-size-md  elementor-field-textual\">\n\t\t\t\t\t\t\t\t\t\t\t<\/div>\n\t\t\t\t\t\t\t\t<div class=\"elementor-field-type-html elementor-field-group elementor-column elementor-field-group-field_37856e8 elementor-col-100\">\n\t\t\t\t\t<b>EXIT<\/b>\t\t\t\t<\/div>\n\t\t\t\t\t\t\t\t<div class=\"elementor-field-type-text elementor-field-group elementor-column elementor-field-group-field_3d09b2e elementor-col-33\">\n\t\t\t\t\t\t\t\t\t\t\t\t<label for=\"form-field-field_3d09b2e\" class=\"elementor-field-label\">\n\t\t\t\t\t\t\t\tDeparture place\t\t\t\t\t\t\t<\/label>\n\t\t\t\t\t\t\t\t\t\t\t\t\t\t<input size=\"1\" type=\"text\" name=\"form_fields[field_3d09b2e]\" id=\"form-field-field_3d09b2e\" class=\"elementor-field elementor-size-md  elementor-field-textual\">\n\t\t\t\t\t\t\t\t\t\t\t<\/div>\n\t\t\t\t\t\t\t\t<div class=\"elementor-field-type-date elementor-field-group elementor-column elementor-field-group-field_655dded elementor-col-33\">\n\t\t\t\t\t\t\t\t\t\t\t\t<label for=\"form-field-field_655dded\" class=\"elementor-field-label\">\n\t\t\t\t\t\t\t\tDeparture date\t\t\t\t\t\t\t<\/label>\n\t\t\t\t\t\t\n\t\t<input type=\"date\" name=\"form_fields[field_655dded]\" id=\"form-field-field_655dded\" class=\"elementor-field elementor-size-md  elementor-field-textual elementor-date-field\" pattern=\"[0-9]{4}-[0-9]{2}-[0-9]{2}\">\n\t\t\t\t\t\t<\/div>\n\t\t\t\t\t\t\t\t<div class=\"elementor-field-type-time elementor-field-group elementor-column elementor-field-group-field_80c4c5b elementor-col-33\">\n\t\t\t\t\t\t\t\t\t\t\t\t<label for=\"form-field-field_80c4c5b\" class=\"elementor-field-label\">\n\t\t\t\t\t\t\t\tDeparture time\t\t\t\t\t\t\t<\/label>\n\t\t\t\t\t\t\t\t<input type=\"time\" name=\"form_fields[field_80c4c5b]\" id=\"form-field-field_80c4c5b\" class=\"elementor-field elementor-size-md  elementor-field-textual elementor-time-field\">\n\t\t\t\t\t\t<\/div>\n\t\t\t\t\t\t\t\t<div class=\"elementor-field-type-html elementor-field-group elementor-column elementor-field-group-field_19e453f elementor-col-100\">\n\t\t\t\t\t<b>DESTINATION<\/b>\t\t\t\t<\/div>\n\t\t\t\t\t\t\t\t<div class=\"elementor-field-type-text elementor-field-group elementor-column elementor-field-group-field_d6ffd89 elementor-col-33\">\n\t\t\t\t\t\t\t\t\t\t\t\t<label for=\"form-field-field_d6ffd89\" class=\"elementor-field-label\">\n\t\t\t\t\t\t\t\tDestination place\t\t\t\t\t\t\t<\/label>\n\t\t\t\t\t\t\t\t\t\t\t\t\t\t<input size=\"1\" type=\"text\" name=\"form_fields[field_d6ffd89]\" id=\"form-field-field_d6ffd89\" class=\"elementor-field elementor-size-md  elementor-field-textual\">\n\t\t\t\t\t\t\t\t\t\t\t<\/div>\n\t\t\t\t\t\t\t\t<div class=\"elementor-field-type-date elementor-field-group elementor-column elementor-field-group-field_d59d183 elementor-col-33\">\n\t\t\t\t\t\t\t\t\t\t\t\t<label for=\"form-field-field_d59d183\" class=\"elementor-field-label\">\n\t\t\t\t\t\t\t\tArrival date\t\t\t\t\t\t\t<\/label>\n\t\t\t\t\t\t\n\t\t<input type=\"date\" name=\"form_fields[field_d59d183]\" id=\"form-field-field_d59d183\" class=\"elementor-field elementor-size-md  elementor-field-textual elementor-date-field\" pattern=\"[0-9]{4}-[0-9]{2}-[0-9]{2}\">\n\t\t\t\t\t\t<\/div>\n\t\t\t\t\t\t\t\t<div class=\"elementor-field-type-time elementor-field-group elementor-column elementor-field-group-field_94d71f2 elementor-col-33\">\n\t\t\t\t\t\t\t\t\t\t\t\t<label for=\"form-field-field_94d71f2\" class=\"elementor-field-label\">\n\t\t\t\t\t\t\t\tArrival time\t\t\t\t\t\t\t<\/label>\n\t\t\t\t\t\t\t\t<input type=\"time\" name=\"form_fields[field_94d71f2]\" id=\"form-field-field_94d71f2\" class=\"elementor-field elementor-size-md  elementor-field-textual elementor-time-field\">\n\t\t\t\t\t\t<\/div>\n\t\t\t\t\t\t\t\t<div class=\"elementor-field-type-textarea elementor-field-group elementor-column elementor-field-group-message elementor-col-100\">\n\t\t\t\t\t\t\t\t\t\t\t\t<label for=\"form-field-message\" class=\"elementor-field-label\">\n\t\t\t\t\t\t\t\tMessage\t\t\t\t\t\t\t<\/label>\n\t\t\t\t\t\t<textarea class=\"elementor-field-textual elementor-field  elementor-size-md\" name=\"form_fields[message]\" id=\"form-field-message\" rows=\"6\"><\/textarea>\t\t\t\t<\/div>\n\t\t\t\t\t\t\t\t<div class=\"elementor-field-type-acceptance elementor-field-group elementor-column elementor-field-group-field_eec7981 elementor-col-100 elementor-field-required elementor-mark-required\">\n\t\t\t\t\t\t\t<div class=\"elementor-field-subgroup\">\n\t\t\t<span class=\"elementor-field-option\">\n\t\t\t\t<input type=\"checkbox\" name=\"form_fields[field_eec7981]\" id=\"form-field-field_eec7981\" class=\"elementor-field elementor-size-md  elementor-acceptance-field\" required=\"required\" aria-required=\"true\">\n\t\t\t\t<label for=\"form-field-field_eec7981\">I accept the <a href=\"https:\/\/autocarescasaleventos.com\/en\/politica-de-datos-presupuesto\/\" target=\"_blank\">data treatment policy<\/a><\/label>\t\t\t<\/span>\n\t\t<\/div>\n\t\t\t\t\t\t<\/div>\n\t\t\t\t\t\t\t\t<div class=\"elementor-field-type-select elementor-field-group elementor-column elementor-field-group-idioma elementor-col-100 elementor-field-required elementor-mark-required\">\n\t\t\t\t\t\t\t\t\t\t\t\t<label for=\"form-field-idioma\" class=\"elementor-field-label\">\n\t\t\t\t\t\t\t\tIdioma\t\t\t\t\t\t\t<\/label>\n\t\t\t\t\t\t\t\t<div class=\"elementor-field elementor-select-wrapper remove-before\">\n\t\t\t<div class=\"select-caret-down-wrapper\">\n\t\t\t\t<i aria-hidden=\"true\" class=\"eicon-caret-down\"><\/i>\t\t\t<\/div>\n\t\t\t<select name=\"form_fields[idioma]\" id=\"form-field-idioma\" class=\"elementor-field-textual elementor-size-md\" required=\"required\" aria-required=\"true\">\n\t\t\t\t\t\t\t\t\t<option value=\"  Espa\u00f1ol\">Espa\u00f1ol <\/option>\n\t\t\t\t\t\t\t\t\t<option value=\"  Ingl\u00e9s\">Ingl\u00e9s  <\/option>\n\t\t\t\t\t\t\t\t\t<option value=\" Franc\u00e9s\">Franc\u00e9s <\/option>\n\t\t\t\t\t\t\t<\/select>\n\t\t<\/div>\n\t\t\t\t\t\t<\/div>\n\t\t\t\t\t\t\t\t<div class=\"elementor-field-group elementor-column elementor-field-type-submit elementor-col-100 e-form__buttons\">\n\t\t\t\t\t<button class=\"elementor-button elementor-size-lg\" type=\"submit\">\n\t\t\t\t\t\t<span class=\"elementor-button-content-wrapper\">\n\t\t\t\t\t\t\t\t\t\t\t\t\t\t\t\t\t\t\t\t\t\t<span class=\"elementor-button-text\">SEND<\/span>\n\t\t\t\t\t\t\t\t\t\t\t\t\t<\/span>\n\t\t\t\t\t<\/button>\n\t\t\t\t<\/div>\n\t\t\t<\/div>\n\t\t<input type=\"hidden\" name=\"trp-form-language\" value=\"en\"\/><\/form>\n\t\t\t\t\t\t<\/div>\n\t\t\t\t<\/div>\n\t\t\t\t\t<\/div>\n\t\t<\/div>\n\t\t\t\t\t<\/div>\n\t\t<\/section>\n\t\t\t\t<\/div>","protected":false},"excerpt":{"rendered":"<p>Alquiler de Coches con Conductor En Casal le ofrecemos la posibilidad de alquilar coches con conductor para realizar visitas tur\u00edsticas, traslados a congresos, reuniones o conocer de forma personalizada una ciudad. \u00a0 Disponemos de veh\u00edculos que se adaptan a sus necesidades, desde uno hasta siete pasajeros. Ya son muchos los que conf\u00edan en el alquiler &#8230; <a title=\"Car rental with driver\" class=\"read-more\" href=\"https:\/\/autocarescasaleventos.com\/en\/car-rental-with-driver\/\" aria-label=\"Read more about Alquiler de Veh\u00edculos con Conductor\">Read more<\/a><\/p>","protected":false},"author":1,"featured_media":0,"parent":0,"menu_order":0,"comment_status":"closed","ping_status":"closed","template":"","meta":{"inline_featured_image":false,"footnotes":""},"class_list":["post-410","page","type-page","status-publish"],"yoast_head":"<!-- This site is optimized with the Yoast SEO plugin v25.9 - https:\/\/yoast.com\/wordpress\/plugins\/seo\/ -->\n<title>Alquiler de Coches con Conductor Sevilla | Autocares Casal Meetings &amp; Events<\/title>\n<meta name=\"description\" content=\"Alquiler de Coches con Conductor Sevilla. Disponemos de alquiler de veh\u00edculos con conductor desde 1 hasta 7 pasajeros. \u00a1Solicita presupuesto!\" \/>\n<meta name=\"robots\" content=\"index, follow, max-snippet:-1, max-image-preview:large, max-video-preview:-1\" \/>\n<link rel=\"canonical\" href=\"https:\/\/autocarescasaleventos.com\/en\/car-rental-with-driver\/\" \/>\n<meta property=\"og:locale\" content=\"en_GB\" \/>\n<meta property=\"og:type\" content=\"article\" \/>\n<meta property=\"og:title\" content=\"Alquiler de Coches con Conductor Sevilla | Autocares Casal Meetings &amp; Events\" \/>\n<meta property=\"og:description\" content=\"Alquiler de Coches con Conductor Sevilla. Disponemos de alquiler de veh\u00edculos con conductor desde 1 hasta 7 pasajeros. \u00a1Solicita presupuesto!\" \/>\n<meta property=\"og:url\" content=\"https:\/\/autocarescasaleventos.com\/en\/car-rental-with-driver\/\" \/>\n<meta property=\"og:site_name\" content=\"Autocares Casal Meetings &amp; Events\" \/>\n<meta property=\"article:modified_time\" content=\"2025-01-20T13:17:02+00:00\" \/>\n<meta property=\"og:image\" content=\"https:\/\/autocarescasaleventos.com\/wp-content\/uploads\/2021\/06\/alquiler-coche-conductor-3.png\" \/>\n\t<meta property=\"og:image:width\" content=\"759\" \/>\n\t<meta property=\"og:image:height\" content=\"459\" \/>\n\t<meta property=\"og:image:type\" content=\"image\/png\" \/>\n<meta name=\"twitter:card\" content=\"summary_large_image\" \/>\n<meta name=\"twitter:label1\" content=\"Estimated reading time\" \/>\n\t<meta name=\"twitter:data1\" content=\"1 minute\" \/>\n<script type=\"application\/ld+json\" class=\"yoast-schema-graph\">{\"@context\":\"https:\/\/schema.org\",\"@graph\":[{\"@type\":\"WebPage\",\"@id\":\"https:\/\/autocarescasaleventos.com\/alquiler-coches-con-conductor\/\",\"url\":\"https:\/\/autocarescasaleventos.com\/alquiler-coches-con-conductor\/\",\"name\":\"Alquiler de Coches con Conductor Sevilla | Autocares Casal Meetings & Events\",\"isPartOf\":{\"@id\":\"https:\/\/autocarescasaleventos.com\/#website\"},\"primaryImageOfPage\":{\"@id\":\"https:\/\/autocarescasaleventos.com\/alquiler-coches-con-conductor\/#primaryimage\"},\"image\":{\"@id\":\"https:\/\/autocarescasaleventos.com\/alquiler-coches-con-conductor\/#primaryimage\"},\"thumbnailUrl\":\"https:\/\/autocarescasaleventos.com\/wp-content\/uploads\/2021\/06\/alquiler-coche-conductor-3.png\",\"datePublished\":\"2021-06-21T09:18:45+00:00\",\"dateModified\":\"2025-01-20T13:17:02+00:00\",\"description\":\"Alquiler de Coches con Conductor Sevilla. Disponemos de alquiler de veh\u00edculos con conductor desde 1 hasta 7 pasajeros. \u00a1Solicita presupuesto!\",\"breadcrumb\":{\"@id\":\"https:\/\/autocarescasaleventos.com\/alquiler-coches-con-conductor\/#breadcrumb\"},\"inLanguage\":\"en-GB\",\"potentialAction\":[{\"@type\":\"ReadAction\",\"target\":[\"https:\/\/autocarescasaleventos.com\/alquiler-coches-con-conductor\/\"]}]},{\"@type\":\"ImageObject\",\"inLanguage\":\"en-GB\",\"@id\":\"https:\/\/autocarescasaleventos.com\/alquiler-coches-con-conductor\/#primaryimage\",\"url\":\"https:\/\/autocarescasaleventos.com\/wp-content\/uploads\/2021\/06\/alquiler-coche-conductor-3.png\",\"contentUrl\":\"https:\/\/autocarescasaleventos.com\/wp-content\/uploads\/2021\/06\/alquiler-coche-conductor-3.png\"},{\"@type\":\"BreadcrumbList\",\"@id\":\"https:\/\/autocarescasaleventos.com\/alquiler-coches-con-conductor\/#breadcrumb\",\"itemListElement\":[{\"@type\":\"ListItem\",\"position\":1,\"name\":\"Portada\",\"item\":\"https:\/\/autocarescasaleventos.com\/\"},{\"@type\":\"ListItem\",\"position\":2,\"name\":\"Alquiler de Veh\u00edculos con Conductor\"}]},{\"@type\":\"WebSite\",\"@id\":\"https:\/\/autocarescasaleventos.com\/#website\",\"url\":\"https:\/\/autocarescasaleventos.com\/\",\"name\":\"Autocares Casal Meetings & Events\",\"description\":\"\",\"publisher\":{\"@id\":\"https:\/\/autocarescasaleventos.com\/#organization\"},\"potentialAction\":[{\"@type\":\"SearchAction\",\"target\":{\"@type\":\"EntryPoint\",\"urlTemplate\":\"https:\/\/autocarescasaleventos.com\/?s={search_term_string}\"},\"query-input\":{\"@type\":\"PropertyValueSpecification\",\"valueRequired\":true,\"valueName\":\"search_term_string\"}}],\"inLanguage\":\"en-GB\"},{\"@type\":\"Organization\",\"@id\":\"https:\/\/autocarescasaleventos.com\/#organization\",\"name\":\"Casal Meetings & Events\",\"url\":\"https:\/\/autocarescasaleventos.com\/\",\"logo\":{\"@type\":\"ImageObject\",\"inLanguage\":\"en-GB\",\"@id\":\"https:\/\/autocarescasaleventos.com\/#\/schema\/logo\/image\/\",\"url\":\"https:\/\/autocarescasaleventos.com\/wp-content\/uploads\/2021\/05\/logotipo.svg\",\"contentUrl\":\"https:\/\/autocarescasaleventos.com\/wp-content\/uploads\/2021\/05\/logotipo.svg\",\"width\":1190,\"height\":504,\"caption\":\"Casal Meetings & Events\"},\"image\":{\"@id\":\"https:\/\/autocarescasaleventos.com\/#\/schema\/logo\/image\/\"},\"sameAs\":[\"http:\/\/es.linkedin.com\/company\/autocares-casal-servicio-discrecional\",\"https:\/\/www.instagram.com\/casalmeetingsevents\/\"]}]}<\/script>\n<!-- \/ Yoast SEO plugin. -->","yoast_head_json":{"title":"Alquiler de Coches con Conductor Sevilla | Autocares Casal Meetings & Events","description":"Alquiler de Coches con Conductor Sevilla. Disponemos de alquiler de veh\u00edculos con conductor desde 1 hasta 7 pasajeros. \u00a1Solicita presupuesto!","robots":{"index":"index","follow":"follow","max-snippet":"max-snippet:-1","max-image-preview":"max-image-preview:large","max-video-preview":"max-video-preview:-1"},"canonical":"https:\/\/autocarescasaleventos.com\/en\/car-rental-with-driver\/","og_locale":"en_GB","og_type":"article","og_title":"Alquiler de Coches con Conductor Sevilla | Autocares Casal Meetings & Events","og_description":"Alquiler de Coches con Conductor Sevilla. Disponemos de alquiler de veh\u00edculos con conductor desde 1 hasta 7 pasajeros. \u00a1Solicita presupuesto!","og_url":"https:\/\/autocarescasaleventos.com\/en\/car-rental-with-driver\/","og_site_name":"Autocares Casal Meetings &amp; Events","article_modified_time":"2025-01-20T13:17:02+00:00","og_image":[{"width":759,"height":459,"url":"https:\/\/autocarescasaleventos.com\/wp-content\/uploads\/2021\/06\/alquiler-coche-conductor-3.png","type":"image\/png"}],"twitter_card":"summary_large_image","twitter_misc":{"Estimated reading time":"1 minute"},"schema":{"@context":"https:\/\/schema.org","@graph":[{"@type":"WebPage","@id":"https:\/\/autocarescasaleventos.com\/alquiler-coches-con-conductor\/","url":"https:\/\/autocarescasaleventos.com\/alquiler-coches-con-conductor\/","name":"Alquiler de Coches con Conductor Sevilla | Autocares Casal Meetings & Events","isPartOf":{"@id":"https:\/\/autocarescasaleventos.com\/#website"},"primaryImageOfPage":{"@id":"https:\/\/autocarescasaleventos.com\/alquiler-coches-con-conductor\/#primaryimage"},"image":{"@id":"https:\/\/autocarescasaleventos.com\/alquiler-coches-con-conductor\/#primaryimage"},"thumbnailUrl":"https:\/\/autocarescasaleventos.com\/wp-content\/uploads\/2021\/06\/alquiler-coche-conductor-3.png","datePublished":"2021-06-21T09:18:45+00:00","dateModified":"2025-01-20T13:17:02+00:00","description":"Alquiler de Coches con Conductor Sevilla. Disponemos de alquiler de veh\u00edculos con conductor desde 1 hasta 7 pasajeros. \u00a1Solicita presupuesto!","breadcrumb":{"@id":"https:\/\/autocarescasaleventos.com\/alquiler-coches-con-conductor\/#breadcrumb"},"inLanguage":"en-GB","potentialAction":[{"@type":"ReadAction","target":["https:\/\/autocarescasaleventos.com\/alquiler-coches-con-conductor\/"]}]},{"@type":"ImageObject","inLanguage":"en-GB","@id":"https:\/\/autocarescasaleventos.com\/alquiler-coches-con-conductor\/#primaryimage","url":"https:\/\/autocarescasaleventos.com\/wp-content\/uploads\/2021\/06\/alquiler-coche-conductor-3.png","contentUrl":"https:\/\/autocarescasaleventos.com\/wp-content\/uploads\/2021\/06\/alquiler-coche-conductor-3.png"},{"@type":"BreadcrumbList","@id":"https:\/\/autocarescasaleventos.com\/alquiler-coches-con-conductor\/#breadcrumb","itemListElement":[{"@type":"ListItem","position":1,"name":"Portada","item":"https:\/\/autocarescasaleventos.com\/"},{"@type":"ListItem","position":2,"name":"Alquiler de Veh\u00edculos con Conductor"}]},{"@type":"WebSite","@id":"https:\/\/autocarescasaleventos.com\/#website","url":"https:\/\/autocarescasaleventos.com\/","name":"Autocares Casal Meetings & Events","description":"","publisher":{"@id":"https:\/\/autocarescasaleventos.com\/#organization"},"potentialAction":[{"@type":"SearchAction","target":{"@type":"EntryPoint","urlTemplate":"https:\/\/autocarescasaleventos.com\/?s={search_term_string}"},"query-input":{"@type":"PropertyValueSpecification","valueRequired":true,"valueName":"search_term_string"}}],"inLanguage":"en-GB"},{"@type":"Organization","@id":"https:\/\/autocarescasaleventos.com\/#organization","name":"Casal Meetings & Events","url":"https:\/\/autocarescasaleventos.com\/","logo":{"@type":"ImageObject","inLanguage":"en-GB","@id":"https:\/\/autocarescasaleventos.com\/#\/schema\/logo\/image\/","url":"https:\/\/autocarescasaleventos.com\/wp-content\/uploads\/2021\/05\/logotipo.svg","contentUrl":"https:\/\/autocarescasaleventos.com\/wp-content\/uploads\/2021\/05\/logotipo.svg","width":1190,"height":504,"caption":"Casal Meetings & Events"},"image":{"@id":"https:\/\/autocarescasaleventos.com\/#\/schema\/logo\/image\/"},"sameAs":["http:\/\/es.linkedin.com\/company\/autocares-casal-servicio-discrecional","https:\/\/www.instagram.com\/casalmeetingsevents\/"]}]}},"_links":{"self":[{"href":"https:\/\/autocarescasaleventos.com\/en\/wp-json\/wp\/v2\/pages\/410","targetHints":{"allow":["GET"]}}],"collection":[{"href":"https:\/\/autocarescasaleventos.com\/en\/wp-json\/wp\/v2\/pages"}],"about":[{"href":"https:\/\/autocarescasaleventos.com\/en\/wp-json\/wp\/v2\/types\/page"}],"author":[{"embeddable":true,"href":"https:\/\/autocarescasaleventos.com\/en\/wp-json\/wp\/v2\/users\/1"}],"replies":[{"embeddable":true,"href":"https:\/\/autocarescasaleventos.com\/en\/wp-json\/wp\/v2\/comments?post=410"}],"version-history":[{"count":3,"href":"https:\/\/autocarescasaleventos.com\/en\/wp-json\/wp\/v2\/pages\/410\/revisions"}],"predecessor-version":[{"id":1489,"href":"https:\/\/autocarescasaleventos.com\/en\/wp-json\/wp\/v2\/pages\/410\/revisions\/1489"}],"wp:attachment":[{"href":"https:\/\/autocarescasaleventos.com\/en\/wp-json\/wp\/v2\/media?parent=410"}],"curies":[{"name":"wp","href":"https:\/\/api.w.org\/{rel}","templated":true}]}}